{"id":643,"date":"2020-09-23T11:47:18","date_gmt":"2020-09-23T09:47:18","guid":{"rendered":"https:\/\/www.forum-transfrontalier.org\/autres-frontieres\/?page_id=643"},"modified":"2020-09-23T11:59:02","modified_gmt":"2020-09-23T09:59:02","slug":"marc-renaud","status":"publish","type":"page","link":"https:\/\/www.forum-transfrontalier.org\/autres-frontieres\/marc-renaud\/","title":{"rendered":"Marc Renaud"},"content":{"rendered":"\t\t<div data-elementor-type=\"wp-page\" data-elementor-id=\"643\" class=\"elementor elementor-643\" data-elementor-settings=\"[]\">\n\t\t\t\t\t\t<div class=\"elementor-inner\">\n\t\t\t\t\t\t\t<div class=\"elementor-section-wrap\">\n\t\t\t\t\t\t\t<section class=\"elementor-section elementor-top-section elementor-element elementor-element-b6f9936 elementor-reverse-mobile elementor-section-boxed elementor-section-height-default elementor-section-height-default\" data-id=\"b6f9936\" data-element_type=\"section\">\n\t\t\t\t\t\t<div class=\"elementor-container elementor-column-gap-wide\">\n\t\t\t\t\t\t\t<div class=\"elementor-row\">\n\t\t\t\t\t<div class=\"elementor-column elementor-col-50 elementor-top-column elementor-element elementor-element-affc69e\" data-id=\"affc69e\" data-element_type=\"column\">\n\t\t\t<div class=\"elementor-column-wrap elementor-element-populated\">\n\t\t\t\t\t\t\t<div class=\"elementor-widget-wrap\">\n\t\t\t\t\t\t<div class=\"elementor-element elementor-element-06caf4f elementor-widget elementor-widget-gallery\" data-id=\"06caf4f\" data-element_type=\"widget\" data-settings=\"{&quot;gallery_layout&quot;:&quot;masonry&quot;,&quot;columns&quot;:3,&quot;lazyload&quot;:&quot;yes&quot;,&quot;columns_tablet&quot;:2,&quot;columns_mobile&quot;:1,&quot;gap&quot;:{&quot;unit&quot;:&quot;px&quot;,&quot;size&quot;:10,&quot;sizes&quot;:[]},&quot;gap_tablet&quot;:{&quot;unit&quot;:&quot;px&quot;,&quot;size&quot;:10,&quot;sizes&quot;:[]},&quot;gap_mobile&quot;:{&quot;unit&quot;:&quot;px&quot;,&quot;size&quot;:10,&quot;sizes&quot;:[]},&quot;link_to&quot;:&quot;file&quot;,&quot;overlay_background&quot;:&quot;yes&quot;,&quot;content_hover_animation&quot;:&quot;fade-in&quot;}\" data-widget_type=\"gallery.default\">\n\t\t\t\t<div class=\"elementor-widget-container\">\n\t\t\t\t\t<div class=\"elementor-gallery__container\">\n\t\t\t\t\t\t\t<a class=\"e-gallery-item elementor-gallery-item elementor-animated-content\" href=\"https:\/\/www.forum-transfrontalier.org\/autres-frontieres\/wp-content\/uploads\/2020\/09\/Framed-Marc-Renaud_01.jpg\" data-elementor-open-lightbox=\"yes\" data-elementor-lightbox-slideshow=\"all-06caf4f\">\n\t\t\t\t\t<div class=\"e-gallery-image elementor-gallery-item__image\" data-thumbnail=\"https:\/\/www.forum-transfrontalier.org\/autres-frontieres\/wp-content\/uploads\/2020\/09\/Framed-Marc-Renaud_01-768x1087.jpg\" data-width=\"768\" data-height=\"1087\" alt=\"\" ><\/div>\n\t\t\t\t\t\t\t\t\t\t<div class=\"elementor-gallery-item__overlay\"><\/div>\n\t\t\t\t\t\t\t\t\t\t\t\t\t\t<\/a>\n\t\t\t\t\t\t\t<a class=\"e-gallery-item elementor-gallery-item elementor-animated-content\" href=\"https:\/\/www.forum-transfrontalier.org\/autres-frontieres\/wp-content\/uploads\/2020\/09\/Framed-Marc-Renaud_02.jpg\" data-elementor-open-lightbox=\"yes\" data-elementor-lightbox-slideshow=\"all-06caf4f\">\n\t\t\t\t\t<div class=\"e-gallery-image elementor-gallery-item__image\" data-thumbnail=\"https:\/\/www.forum-transfrontalier.org\/autres-frontieres\/wp-content\/uploads\/2020\/09\/Framed-Marc-Renaud_02-768x1119.jpg\" data-width=\"768\" data-height=\"1119\" alt=\"\" ><\/div>\n\t\t\t\t\t\t\t\t\t\t<div class=\"elementor-gallery-item__overlay\"><\/div>\n\t\t\t\t\t\t\t\t\t\t\t\t\t\t<\/a>\n\t\t\t\t\t\t\t<a class=\"e-gallery-item elementor-gallery-item elementor-animated-content\" href=\"https:\/\/www.forum-transfrontalier.org\/autres-frontieres\/wp-content\/uploads\/2020\/09\/Framed-Marc-Renaud_03.jpg\" data-elementor-open-lightbox=\"yes\" data-elementor-lightbox-slideshow=\"all-06caf4f\">\n\t\t\t\t\t<div class=\"e-gallery-image elementor-gallery-item__image\" data-thumbnail=\"https:\/\/www.forum-transfrontalier.org\/autres-frontieres\/wp-content\/uploads\/2020\/09\/Framed-Marc-Renaud_03-768x1119.jpg\" data-width=\"768\" data-height=\"1119\" alt=\"\" ><\/div>\n\t\t\t\t\t\t\t\t\t\t<div class=\"elementor-gallery-item__overlay\"><\/div>\n\t\t\t\t\t\t\t\t\t\t\t\t\t\t<\/a>\n\t\t\t\t\t\t\t<a class=\"e-gallery-item elementor-gallery-item elementor-animated-content\" href=\"https:\/\/www.forum-transfrontalier.org\/autres-frontieres\/wp-content\/uploads\/2020\/09\/Framed-Marc-Renaud_04.jpg\" data-elementor-open-lightbox=\"yes\" data-elementor-lightbox-slideshow=\"all-06caf4f\">\n\t\t\t\t\t<div class=\"e-gallery-image elementor-gallery-item__image\" data-thumbnail=\"https:\/\/www.forum-transfrontalier.org\/autres-frontieres\/wp-content\/uploads\/2020\/09\/Framed-Marc-Renaud_04-768x1118.jpg\" data-width=\"768\" data-height=\"1118\" alt=\"\" ><\/div>\n\t\t\t\t\t\t\t\t\t\t<div class=\"elementor-gallery-item__overlay\"><\/div>\n\t\t\t\t\t\t\t\t\t\t\t\t\t\t<\/a>\n\t\t\t\t\t\t\t<a class=\"e-gallery-item elementor-gallery-item elementor-animated-content\" href=\"https:\/\/www.forum-transfrontalier.org\/autres-frontieres\/wp-content\/uploads\/2020\/09\/Framed-Marc-Renaud_05.jpg\" data-elementor-open-lightbox=\"yes\" data-elementor-lightbox-slideshow=\"all-06caf4f\">\n\t\t\t\t\t<div class=\"e-gallery-image elementor-gallery-item__image\" data-thumbnail=\"https:\/\/www.forum-transfrontalier.org\/autres-frontieres\/wp-content\/uploads\/2020\/09\/Framed-Marc-Renaud_05-768x1118.jpg\" data-width=\"768\" data-height=\"1118\" alt=\"\" ><\/div>\n\t\t\t\t\t\t\t\t\t\t<div class=\"elementor-gallery-item__overlay\"><\/div>\n\t\t\t\t\t\t\t\t\t\t\t\t\t\t<\/a>\n\t\t\t\t\t\t\t<a class=\"e-gallery-item elementor-gallery-item elementor-animated-content\" href=\"https:\/\/www.forum-transfrontalier.org\/autres-frontieres\/wp-content\/uploads\/2020\/09\/Framed-Marc-Renaud_06.jpg\" data-elementor-open-lightbox=\"yes\" data-elementor-lightbox-slideshow=\"all-06caf4f\">\n\t\t\t\t\t<div class=\"e-gallery-image elementor-gallery-item__image\" data-thumbnail=\"https:\/\/www.forum-transfrontalier.org\/autres-frontieres\/wp-content\/uploads\/2020\/09\/Framed-Marc-Renaud_06-768x1118.jpg\" data-width=\"768\" data-height=\"1118\" alt=\"\" ><\/div>\n\t\t\t\t\t\t\t\t\t\t<div class=\"elementor-gallery-item__overlay\"><\/div>\n\t\t\t\t\t\t\t\t\t\t\t\t\t\t<\/a>\n\t\t\t\t\t<\/div>\n\t\t\t<\/div>\n\t\t\t\t<\/div>\n\t\t\t\t\t\t<\/div>\n\t\t\t\t\t<\/div>\n\t\t<\/div>\n\t\t\t\t<div class=\"elementor-column elementor-col-50 elementor-top-column elementor-element elementor-element-678dfd8\" data-id=\"678dfd8\" data-element_type=\"column\">\n\t\t\t<div class=\"elementor-column-wrap elementor-element-populated\">\n\t\t\t\t\t\t\t<div class=\"elementor-widget-wrap\">\n\t\t\t\t\t\t<div class=\"elementor-element elementor-element-05ed8e0 elementor-widget elementor-widget-text-editor\" data-id=\"05ed8e0\" data-element_type=\"widget\" data-widget_type=\"text-editor.default\">\n\t\t\t\t<div class=\"elementor-widget-container\">\n\t\t\t\t\t\t\t\t<div class=\"elementor-text-editor elementor-clearfix\">\n\t\t\t\t\t<p><strong>\u2013<br \/><\/strong><strong>Marc Renaud<\/strong><\/p><p>(*1969 n\u00e9 \u00e0 Lausanne), vit et travaille \u00e0 Saint-Blaise (NE)<br \/><a href=\"https:\/\/www.marc-renaud.com\/\" target=\"_blank\" rel=\"noopener\"><span style=\"text-decoration: underline;\">www.marc-renaud.com<\/span><\/a><\/p><p><strong>\u2013<br \/><em>framed<\/em> &#8211; 2020<\/strong><\/p><p>La s\u00e9rie <em>framed<\/em> de Marc Renaud pose la question du <em>ENTRE<\/em>, une probl\u00e9matique d\u2019actualit\u00e9 permanente chez les artistes plasticiens. Le grand dessinateur berlinois Hanns Schimanksy a pu dire qu\u2019il construit ses dessins toujours depuis le bord du papier, l\u2019endroit qui est le plus charg\u00e9 d\u2019\u00e9nergie. C\u2019est cette \u00e9nergie que Renaud met en sc\u00e8ne, l\u2019\u00e9nergie de cet endroit diffus entre le \u00ab\u00a0moi\u00a0\u00bb artiste et le \u00ab\u00a0toi\u00a0\u00bb regardeur. Cet endroit est en m\u00eame temps une fronti\u00e8re et un passage qui, chez Renaud, obtient sa propre existence.<\/p><p class=\"p1\" style=\"text-align: right;\"><em><span class=\"s1\">Walter Tschopp<\/span><\/em><\/p>\t\t\t\t\t<\/div>\n\t\t\t\t\t\t<\/div>\n\t\t\t\t<\/div>\n\t\t\t\t<div class=\"elementor-element elementor-element-302bfa1 elementor-widget elementor-widget-button\" data-id=\"302bfa1\" data-element_type=\"widget\" data-widget_type=\"button.default\">\n\t\t\t\t<div class=\"elementor-widget-container\">\n\t\t\t\t\t<div class=\"elementor-button-wrapper\">\n\t\t\t<a href=\"https:\/\/www.forum-transfrontalier.org\/autres-frontieres\/wp-content\/uploads\/2020\/09\/Framed-Marc-Renaud.pdf\" target=\"_blank\" class=\"elementor-button-link elementor-button elementor-size-sm elementor-animation-skew-forward\" role=\"button\">\n\t\t\t\t\t\t<span class=\"elementor-button-content-wrapper\">\n\t\t\t\t\t\t<span class=\"elementor-button-text\">\u2192 Pr\u00e9sentation du projet par l'artiste<\/span>\n\t\t<\/span>\n\t\t\t\t\t<\/a>\n\t\t<\/div>\n\t\t\t\t<\/div>\n\t\t\t\t<\/div>\n\t\t\t\t<div class=\"elementor-element elementor-element-a1206e6 elementor-widget elementor-widget-button\" data-id=\"a1206e6\" data-element_type=\"widget\" data-widget_type=\"button.default\">\n\t\t\t\t<div class=\"elementor-widget-container\">\n\t\t\t\t\t<div class=\"elementor-button-wrapper\">\n\t\t\t<a href=\"https:\/\/www.forum-transfrontalier.org\/autres-frontieres\/wp-content\/uploads\/2020\/09\/CV-MarcRenaud.pdf\" target=\"_blank\" class=\"elementor-button-link elementor-button elementor-size-sm elementor-animation-skew-forward\" role=\"button\">\n\t\t\t\t\t\t<span class=\"elementor-button-content-wrapper\">\n\t\t\t\t\t\t<span class=\"elementor-button-text\">\u2192 CV de l'artiste<\/span>\n\t\t<\/span>\n\t\t\t\t\t<\/a>\n\t\t<\/div>\n\t\t\t\t<\/div>\n\t\t\t\t<\/div>\n\t\t\t\t<div class=\"elementor-element elementor-element-d3b7116 elementor-widget elementor-widget-spacer\" data-id=\"d3b7116\" data-element_type=\"widget\" data-widget_type=\"spacer.default\">\n\t\t\t\t<div class=\"elementor-widget-container\">\n\t\t\t\t\t<div class=\"elementor-spacer\">\n\t\t\t<div class=\"elementor-spacer-inner\"><\/div>\n\t\t<\/div>\n\t\t\t\t<\/div>\n\t\t\t\t<\/div>\n\t\t\t\t\t\t<\/div>\n\t\t\t\t\t<\/div>\n\t\t<\/div>\n\t\t\t\t\t\t\t\t<\/div>\n\t\t\t\t\t<\/div>\n\t\t<\/section>\n\t\t\t\t\t\t<\/div>\n\t\t\t\t\t\t<\/div>\n\t\t\t\t\t<\/div>\n\t\t","protected":false},"excerpt":{"rendered":"<p>\u2013Marc Renaud (*1969 n\u00e9 \u00e0 Lausanne), vit et travaille \u00e0 Saint-Blaise (NE)www.marc-renaud.com \u2013framed &#8211; 2020 La s\u00e9rie framed de Marc Renaud pose la question du ENTRE, une probl\u00e9matique d\u2019actualit\u00e9 permanente chez les artistes plasticiens. Le grand dessinateur berlinois Hanns Schimanksy a pu dire qu\u2019il construit ses dessins toujours depuis le bord du papier, l\u2019endroit qui [&hellip;]<\/p>\n","protected":false},"author":1,"featured_media":0,"parent":0,"menu_order":0,"comment_status":"closed","ping_status":"closed","template":"","meta":[],"_links":{"self":[{"href":"https:\/\/www.forum-transfrontalier.org\/autres-frontieres\/wp-json\/wp\/v2\/pages\/643"}],"collection":[{"href":"https:\/\/www.forum-transfrontalier.org\/autres-frontieres\/wp-json\/wp\/v2\/pages"}],"about":[{"href":"https:\/\/www.forum-transfrontalier.org\/autres-frontieres\/wp-json\/wp\/v2\/types\/page"}],"author":[{"embeddable":true,"href":"https:\/\/www.forum-transfrontalier.org\/autres-frontieres\/wp-json\/wp\/v2\/users\/1"}],"replies":[{"embeddable":true,"href":"https:\/\/www.forum-transfrontalier.org\/autres-frontieres\/wp-json\/wp\/v2\/comments?post=643"}],"version-history":[{"count":6,"href":"https:\/\/www.forum-transfrontalier.org\/autres-frontieres\/wp-json\/wp\/v2\/pages\/643\/revisions"}],"predecessor-version":[{"id":658,"href":"https:\/\/www.forum-transfrontalier.org\/autres-frontieres\/wp-json\/wp\/v2\/pages\/643\/revisions\/658"}],"wp:attachment":[{"href":"https:\/\/www.forum-transfrontalier.org\/autres-frontieres\/wp-json\/wp\/v2\/media?parent=643"}],"curies":[{"name":"wp","href":"https:\/\/api.w.org\/{rel}","templated":true}]}}