{"id":44,"date":"2020-05-29T14:48:19","date_gmt":"2020-05-29T12:48:19","guid":{"rendered":"https:\/\/www.forum-transfrontalier.org\/autres-frontieres\/?page_id=44"},"modified":"2021-03-19T10:57:08","modified_gmt":"2021-03-19T09:57:08","slug":"sara-bassi","status":"publish","type":"page","link":"https:\/\/www.forum-transfrontalier.org\/autres-frontieres\/sara-bassi\/","title":{"rendered":"Sara Bassi"},"content":{"rendered":"\t\t<div data-elementor-type=\"wp-page\" data-elementor-id=\"44\" class=\"elementor elementor-44\" data-elementor-settings=\"[]\">\n\t\t\t\t\t\t<div class=\"elementor-inner\">\n\t\t\t\t\t\t\t<div class=\"elementor-section-wrap\">\n\t\t\t\t\t\t\t<section class=\"elementor-section elementor-top-section elementor-element elementor-element-b6f9936 elementor-reverse-mobile elementor-section-boxed elementor-section-height-default elementor-section-height-default\" data-id=\"b6f9936\" data-element_type=\"section\">\n\t\t\t\t\t\t<div class=\"elementor-container elementor-column-gap-wide\">\n\t\t\t\t\t\t\t<div class=\"elementor-row\">\n\t\t\t\t\t<div class=\"elementor-column elementor-col-50 elementor-top-column elementor-element elementor-element-affc69e\" data-id=\"affc69e\" data-element_type=\"column\">\n\t\t\t<div class=\"elementor-column-wrap elementor-element-populated\">\n\t\t\t\t\t\t\t<div class=\"elementor-widget-wrap\">\n\t\t\t\t\t\t<div class=\"elementor-element elementor-element-06caf4f elementor-widget elementor-widget-gallery\" data-id=\"06caf4f\" data-element_type=\"widget\" data-settings=\"{&quot;gallery_layout&quot;:&quot;masonry&quot;,&quot;columns&quot;:3,&quot;lazyload&quot;:&quot;yes&quot;,&quot;columns_tablet&quot;:2,&quot;columns_mobile&quot;:1,&quot;gap&quot;:{&quot;unit&quot;:&quot;px&quot;,&quot;size&quot;:10,&quot;sizes&quot;:[]},&quot;gap_tablet&quot;:{&quot;unit&quot;:&quot;px&quot;,&quot;size&quot;:10,&quot;sizes&quot;:[]},&quot;gap_mobile&quot;:{&quot;unit&quot;:&quot;px&quot;,&quot;size&quot;:10,&quot;sizes&quot;:[]},&quot;link_to&quot;:&quot;file&quot;,&quot;overlay_background&quot;:&quot;yes&quot;,&quot;content_hover_animation&quot;:&quot;fade-in&quot;}\" data-widget_type=\"gallery.default\">\n\t\t\t\t<div class=\"elementor-widget-container\">\n\t\t\t\t\t<div class=\"elementor-gallery__container\">\n\t\t\t\t\t\t\t<a class=\"e-gallery-item elementor-gallery-item elementor-animated-content\" href=\"https:\/\/www.forum-transfrontalier.org\/autres-frontieres\/wp-content\/uploads\/2021\/03\/SaraBassi_SPOMNILSETEBOM-01.jpg\" data-elementor-open-lightbox=\"yes\" data-elementor-lightbox-slideshow=\"all-06caf4f\">\n\t\t\t\t\t<div class=\"e-gallery-image elementor-gallery-item__image\" data-thumbnail=\"https:\/\/www.forum-transfrontalier.org\/autres-frontieres\/wp-content\/uploads\/2021\/03\/SaraBassi_SPOMNILSETEBOM-01-768x614.jpg\" data-width=\"768\" data-height=\"614\" alt=\"\" ><\/div>\n\t\t\t\t\t\t\t\t\t\t<div class=\"elementor-gallery-item__overlay\"><\/div>\n\t\t\t\t\t\t\t\t\t\t\t\t\t\t<\/a>\n\t\t\t\t\t\t\t<a class=\"e-gallery-item elementor-gallery-item elementor-animated-content\" href=\"https:\/\/www.forum-transfrontalier.org\/autres-frontieres\/wp-content\/uploads\/2021\/03\/SaraBassi_SPOMNILSETEBOM-02.jpg\" data-elementor-open-lightbox=\"yes\" data-elementor-lightbox-slideshow=\"all-06caf4f\">\n\t\t\t\t\t<div class=\"e-gallery-image elementor-gallery-item__image\" data-thumbnail=\"https:\/\/www.forum-transfrontalier.org\/autres-frontieres\/wp-content\/uploads\/2021\/03\/SaraBassi_SPOMNILSETEBOM-02-768x1152.jpg\" data-width=\"768\" data-height=\"1152\" alt=\"\" ><\/div>\n\t\t\t\t\t\t\t\t\t\t<div class=\"elementor-gallery-item__overlay\"><\/div>\n\t\t\t\t\t\t\t\t\t\t\t\t\t\t<\/a>\n\t\t\t\t\t\t\t<a class=\"e-gallery-item elementor-gallery-item elementor-animated-content\" href=\"https:\/\/www.forum-transfrontalier.org\/autres-frontieres\/wp-content\/uploads\/2021\/03\/SaraBassi_SPOMNILSETEBOM-03.jpg\" data-elementor-open-lightbox=\"yes\" data-elementor-lightbox-slideshow=\"all-06caf4f\">\n\t\t\t\t\t<div class=\"e-gallery-image elementor-gallery-item__image\" data-thumbnail=\"https:\/\/www.forum-transfrontalier.org\/autres-frontieres\/wp-content\/uploads\/2021\/03\/SaraBassi_SPOMNILSETEBOM-03-768x576.jpg\" data-width=\"768\" data-height=\"576\" alt=\"\" ><\/div>\n\t\t\t\t\t\t\t\t\t\t<div class=\"elementor-gallery-item__overlay\"><\/div>\n\t\t\t\t\t\t\t\t\t\t\t\t\t\t<\/a>\n\t\t\t\t\t\t\t<a class=\"e-gallery-item elementor-gallery-item elementor-animated-content\" href=\"https:\/\/www.forum-transfrontalier.org\/autres-frontieres\/wp-content\/uploads\/2021\/03\/SaraBassi_SPOMNILSETEBOM-04.jpg\" data-elementor-open-lightbox=\"yes\" data-elementor-lightbox-slideshow=\"all-06caf4f\">\n\t\t\t\t\t<div class=\"e-gallery-image elementor-gallery-item__image\" data-thumbnail=\"https:\/\/www.forum-transfrontalier.org\/autres-frontieres\/wp-content\/uploads\/2021\/03\/SaraBassi_SPOMNILSETEBOM-04-768x1152.jpg\" data-width=\"768\" data-height=\"1152\" alt=\"\" ><\/div>\n\t\t\t\t\t\t\t\t\t\t<div class=\"elementor-gallery-item__overlay\"><\/div>\n\t\t\t\t\t\t\t\t\t\t\t\t\t\t<\/a>\n\t\t\t\t\t\t\t<a class=\"e-gallery-item elementor-gallery-item elementor-animated-content\" href=\"https:\/\/www.forum-transfrontalier.org\/autres-frontieres\/wp-content\/uploads\/2021\/03\/SaraBassi_SPOMNILSETEBOM-05.jpg\" data-elementor-open-lightbox=\"yes\" data-elementor-lightbox-slideshow=\"all-06caf4f\">\n\t\t\t\t\t<div class=\"e-gallery-image elementor-gallery-item__image\" data-thumbnail=\"https:\/\/www.forum-transfrontalier.org\/autres-frontieres\/wp-content\/uploads\/2021\/03\/SaraBassi_SPOMNILSETEBOM-05-768x576.jpg\" data-width=\"768\" data-height=\"576\" alt=\"\" ><\/div>\n\t\t\t\t\t\t\t\t\t\t<div class=\"elementor-gallery-item__overlay\"><\/div>\n\t\t\t\t\t\t\t\t\t\t\t\t\t\t<\/a>\n\t\t\t\t\t\t\t<a class=\"e-gallery-item elementor-gallery-item elementor-animated-content\" href=\"https:\/\/www.forum-transfrontalier.org\/autres-frontieres\/wp-content\/uploads\/2021\/03\/SaraBassi_SPOMNILSETEBOM-06.jpg\" data-elementor-open-lightbox=\"yes\" data-elementor-lightbox-slideshow=\"all-06caf4f\">\n\t\t\t\t\t<div class=\"e-gallery-image elementor-gallery-item__image\" data-thumbnail=\"https:\/\/www.forum-transfrontalier.org\/autres-frontieres\/wp-content\/uploads\/2021\/03\/SaraBassi_SPOMNILSETEBOM-06-768x576.jpg\" data-width=\"768\" data-height=\"576\" alt=\"\" ><\/div>\n\t\t\t\t\t\t\t\t\t\t<div class=\"elementor-gallery-item__overlay\"><\/div>\n\t\t\t\t\t\t\t\t\t\t\t\t\t\t<\/a>\n\t\t\t\t\t\t\t<a class=\"e-gallery-item elementor-gallery-item elementor-animated-content\" href=\"https:\/\/www.forum-transfrontalier.org\/autres-frontieres\/wp-content\/uploads\/2021\/03\/SaraBassi_SPOMNILSETEBOM-07.jpg\" data-elementor-open-lightbox=\"yes\" data-elementor-lightbox-slideshow=\"all-06caf4f\">\n\t\t\t\t\t<div class=\"e-gallery-image elementor-gallery-item__image\" data-thumbnail=\"https:\/\/www.forum-transfrontalier.org\/autres-frontieres\/wp-content\/uploads\/2021\/03\/SaraBassi_SPOMNILSETEBOM-07-768x576.jpg\" data-width=\"768\" data-height=\"576\" alt=\"\" ><\/div>\n\t\t\t\t\t\t\t\t\t\t<div class=\"elementor-gallery-item__overlay\"><\/div>\n\t\t\t\t\t\t\t\t\t\t\t\t\t\t<\/a>\n\t\t\t\t\t\t\t<a class=\"e-gallery-item elementor-gallery-item elementor-animated-content\" href=\"https:\/\/www.forum-transfrontalier.org\/autres-frontieres\/wp-content\/uploads\/2021\/03\/SaraBassi_SPOMNILSETEBOM-08.jpg\" data-elementor-open-lightbox=\"yes\" data-elementor-lightbox-slideshow=\"all-06caf4f\">\n\t\t\t\t\t<div class=\"e-gallery-image elementor-gallery-item__image\" data-thumbnail=\"https:\/\/www.forum-transfrontalier.org\/autres-frontieres\/wp-content\/uploads\/2021\/03\/SaraBassi_SPOMNILSETEBOM-08-768x575.jpg\" data-width=\"768\" data-height=\"575\" alt=\"\" ><\/div>\n\t\t\t\t\t\t\t\t\t\t<div class=\"elementor-gallery-item__overlay\"><\/div>\n\t\t\t\t\t\t\t\t\t\t\t\t\t\t<\/a>\n\t\t\t\t\t\t\t<a class=\"e-gallery-item elementor-gallery-item elementor-animated-content\" href=\"https:\/\/www.forum-transfrontalier.org\/autres-frontieres\/wp-content\/uploads\/2021\/03\/SaraBassi_SPOMNILSETEBOM-09.jpg\" data-elementor-open-lightbox=\"yes\" data-elementor-lightbox-slideshow=\"all-06caf4f\">\n\t\t\t\t\t<div class=\"e-gallery-image elementor-gallery-item__image\" data-thumbnail=\"https:\/\/www.forum-transfrontalier.org\/autres-frontieres\/wp-content\/uploads\/2021\/03\/SaraBassi_SPOMNILSETEBOM-09-768x576.jpg\" data-width=\"768\" data-height=\"576\" alt=\"\" ><\/div>\n\t\t\t\t\t\t\t\t\t\t<div class=\"elementor-gallery-item__overlay\"><\/div>\n\t\t\t\t\t\t\t\t\t\t\t\t\t\t<\/a>\n\t\t\t\t\t\t\t<a class=\"e-gallery-item elementor-gallery-item elementor-animated-content\" href=\"https:\/\/www.forum-transfrontalier.org\/autres-frontieres\/wp-content\/uploads\/2021\/03\/SaraBassi_SPOMNILSETEBOM-10.jpg\" data-elementor-open-lightbox=\"yes\" data-elementor-lightbox-slideshow=\"all-06caf4f\">\n\t\t\t\t\t<div class=\"e-gallery-image elementor-gallery-item__image\" data-thumbnail=\"https:\/\/www.forum-transfrontalier.org\/autres-frontieres\/wp-content\/uploads\/2021\/03\/SaraBassi_SPOMNILSETEBOM-10-768x1152.jpg\" data-width=\"768\" data-height=\"1152\" alt=\"\" ><\/div>\n\t\t\t\t\t\t\t\t\t\t<div class=\"elementor-gallery-item__overlay\"><\/div>\n\t\t\t\t\t\t\t\t\t\t\t\t\t\t<\/a>\n\t\t\t\t\t\t\t<a class=\"e-gallery-item elementor-gallery-item elementor-animated-content\" href=\"https:\/\/www.forum-transfrontalier.org\/autres-frontieres\/wp-content\/uploads\/2021\/03\/SaraBassi_SPOMNILSETEBOM-11.jpg\" data-elementor-open-lightbox=\"yes\" data-elementor-lightbox-slideshow=\"all-06caf4f\">\n\t\t\t\t\t<div class=\"e-gallery-image elementor-gallery-item__image\" data-thumbnail=\"https:\/\/www.forum-transfrontalier.org\/autres-frontieres\/wp-content\/uploads\/2021\/03\/SaraBassi_SPOMNILSETEBOM-11-768x576.jpg\" data-width=\"768\" data-height=\"576\" alt=\"\" ><\/div>\n\t\t\t\t\t\t\t\t\t\t<div class=\"elementor-gallery-item__overlay\"><\/div>\n\t\t\t\t\t\t\t\t\t\t\t\t\t\t<\/a>\n\t\t\t\t\t\t\t<a class=\"e-gallery-item elementor-gallery-item elementor-animated-content\" href=\"https:\/\/www.forum-transfrontalier.org\/autres-frontieres\/wp-content\/uploads\/2021\/03\/SaraBassi_SPOMNILSETEBOM-12.jpg\" data-elementor-open-lightbox=\"yes\" data-elementor-lightbox-slideshow=\"all-06caf4f\">\n\t\t\t\t\t<div class=\"e-gallery-image elementor-gallery-item__image\" data-thumbnail=\"https:\/\/www.forum-transfrontalier.org\/autres-frontieres\/wp-content\/uploads\/2021\/03\/SaraBassi_SPOMNILSETEBOM-12-768x1152.jpg\" data-width=\"768\" data-height=\"1152\" alt=\"\" ><\/div>\n\t\t\t\t\t\t\t\t\t\t<div class=\"elementor-gallery-item__overlay\"><\/div>\n\t\t\t\t\t\t\t\t\t\t\t\t\t\t<\/a>\n\t\t\t\t\t<\/div>\n\t\t\t<\/div>\n\t\t\t\t<\/div>\n\t\t\t\t\t\t<\/div>\n\t\t\t\t\t<\/div>\n\t\t<\/div>\n\t\t\t\t<div class=\"elementor-column elementor-col-50 elementor-top-column elementor-element elementor-element-678dfd8\" data-id=\"678dfd8\" data-element_type=\"column\">\n\t\t\t<div class=\"elementor-column-wrap elementor-element-populated\">\n\t\t\t\t\t\t\t<div class=\"elementor-widget-wrap\">\n\t\t\t\t\t\t<div class=\"elementor-element elementor-element-05ed8e0 elementor-widget elementor-widget-text-editor\" data-id=\"05ed8e0\" data-element_type=\"widget\" data-widget_type=\"text-editor.default\">\n\t\t\t\t<div class=\"elementor-widget-container\">\n\t\t\t\t\t\t\t\t<div class=\"elementor-text-editor elementor-clearfix\">\n\t\t\t\t\t<p><strong>_<br \/><\/strong><strong>Sara Bassi<\/strong> (*1994 \u00e0 Udine)\u00a0; vit \u00e0 Udine (IT)<em>\u00a0<\/em><\/p><p>Instagram <a href=\"https:\/\/www.instagram.com\/iamsarabassi\/\" target=\"_blank\" rel=\"noopener\">@iamsarabassi<\/a><br \/><a href=\"https:\/\/www.linkedin.com\/in\/iamsarabassi\" target=\"_blank\" rel=\"noopener\">www.linkedin.com\/in\/iamsarabassi<\/a><\/p><p><strong><em>_<br \/>SPOMNIL SE TE BOM<\/em><\/strong>, projet photographique et \u00e9ditorial de Sara Bassi, est un r\u00e9cit visuel n\u00e9 de l&rsquo;histoire d&rsquo;un cimeti\u00e8re situ\u00e9 dans une ville slov\u00e8ne appel\u00e9e <strong>Miren<\/strong>. Depuis 30 ans, ce cimeti\u00e8re est divis\u00e9 en deux zones, il est travers\u00e9 par <strong>la fronti\u00e8re entre la r\u00e9gion italienne de Friuli Venezia Giulia et la r\u00e9gion slov\u00e8ne de Gori\u0161ka<\/strong>. Suite au <strong>Trait\u00e9 d&rsquo;Osimo (1975)<\/strong>, la ligne fronti\u00e8re a \u00e9t\u00e9 d\u00e9plac\u00e9e de l&rsquo;int\u00e9rieur du cimeti\u00e8re vers son p\u00e9rim\u00e8tre ext\u00e9rieur, d\u00e9pla\u00e7ant tout le cimeti\u00e8re en pays slov\u00e8ne. Naturelle et artificielle, concr\u00e8te et imaginaire, interne et externe, tragique et ridicule, la fronti\u00e8re est \u00e0 la fois fig\u00e9e et mouvante. En regardant la double identit\u00e9 actuelle du cimeti\u00e8re, il appara\u00eet comme le passage d&rsquo;un lieu fronti\u00e8re \u00e0 un lieu de m\u00e9moire. Ce changement souligne la n\u00e9cessit\u00e9 que ce site ne soit pas oubli\u00e9. <em>Spomnil se name &#8211; Remember me.<\/em><\/p><p style=\"text-align: right;\"><em>Marcel Schiess<\/em><\/p>\t\t\t\t\t<\/div>\n\t\t\t\t\t\t<\/div>\n\t\t\t\t<\/div>\n\t\t\t\t<div class=\"elementor-element elementor-element-87bd2ea elementor-widget elementor-widget-button\" data-id=\"87bd2ea\" data-element_type=\"widget\" data-widget_type=\"button.default\">\n\t\t\t\t<div class=\"elementor-widget-container\">\n\t\t\t\t\t<div class=\"elementor-button-wrapper\">\n\t\t\t<a href=\"#elementor-action%3Aaction%3Dpopup%3Aopen%26settings%3DeyJpZCI6IjI3OCIsInRvZ2dsZSI6ZmFsc2V9\" class=\"elementor-button-link elementor-button elementor-size-sm elementor-animation-skew\" role=\"button\">\n\t\t\t\t\t\t<span class=\"elementor-button-content-wrapper\">\n\t\t\t\t\t\t<span class=\"elementor-button-text\">\u2192 Pr\u00e9sentation du projet par l'artiste<\/span>\n\t\t<\/span>\n\t\t\t\t\t<\/a>\n\t\t<\/div>\n\t\t\t\t<\/div>\n\t\t\t\t<\/div>\n\t\t\t\t<div class=\"elementor-element elementor-element-1f7fa4c elementor-widget elementor-widget-button\" data-id=\"1f7fa4c\" data-element_type=\"widget\" data-widget_type=\"button.default\">\n\t\t\t\t<div class=\"elementor-widget-container\">\n\t\t\t\t\t<div class=\"elementor-button-wrapper\">\n\t\t\t<a href=\"#elementor-action%3Aaction%3Dpopup%3Aopen%26settings%3DeyJpZCI6IjI5NyIsInRvZ2dsZSI6ZmFsc2V9\" class=\"elementor-button-link elementor-button elementor-size-sm elementor-animation-skew\" role=\"button\">\n\t\t\t\t\t\t<span class=\"elementor-button-content-wrapper\">\n\t\t\t\t\t\t<span class=\"elementor-button-text\">\u2192 CV de l'artiste<\/span>\n\t\t<\/span>\n\t\t\t\t\t<\/a>\n\t\t<\/div>\n\t\t\t\t<\/div>\n\t\t\t\t<\/div>\n\t\t\t\t<div class=\"elementor-element elementor-element-dfc6f1d elementor-widget elementor-widget-spacer\" data-id=\"dfc6f1d\" data-element_type=\"widget\" data-widget_type=\"spacer.default\">\n\t\t\t\t<div class=\"elementor-widget-container\">\n\t\t\t\t\t<div class=\"elementor-spacer\">\n\t\t\t<div class=\"elementor-spacer-inner\"><\/div>\n\t\t<\/div>\n\t\t\t\t<\/div>\n\t\t\t\t<\/div>\n\t\t\t\t\t\t<\/div>\n\t\t\t\t\t<\/div>\n\t\t<\/div>\n\t\t\t\t\t\t\t\t<\/div>\n\t\t\t\t\t<\/div>\n\t\t<\/section>\n\t\t\t\t\t\t<\/div>\n\t\t\t\t\t\t<\/div>\n\t\t\t\t\t<\/div>\n\t\t","protected":false},"excerpt":{"rendered":"<p>_Sara Bassi (*1994 \u00e0 Udine)\u00a0; vit \u00e0 Udine (IT)\u00a0 Instagram @iamsarabassiwww.linkedin.com\/in\/iamsarabassi _SPOMNIL SE TE BOM, projet photographique et \u00e9ditorial de Sara Bassi, est un r\u00e9cit visuel n\u00e9 de l&rsquo;histoire d&rsquo;un cimeti\u00e8re situ\u00e9 dans une ville slov\u00e8ne appel\u00e9e Miren. Depuis 30 ans, ce cimeti\u00e8re est divis\u00e9 en deux zones, il est travers\u00e9 par la fronti\u00e8re entre [&hellip;]<\/p>\n","protected":false},"author":1,"featured_media":0,"parent":0,"menu_order":0,"comment_status":"closed","ping_status":"closed","template":"","meta":[],"_links":{"self":[{"href":"https:\/\/www.forum-transfrontalier.org\/autres-frontieres\/wp-json\/wp\/v2\/pages\/44"}],"collection":[{"href":"https:\/\/www.forum-transfrontalier.org\/autres-frontieres\/wp-json\/wp\/v2\/pages"}],"about":[{"href":"https:\/\/www.forum-transfrontalier.org\/autres-frontieres\/wp-json\/wp\/v2\/types\/page"}],"author":[{"embeddable":true,"href":"https:\/\/www.forum-transfrontalier.org\/autres-frontieres\/wp-json\/wp\/v2\/users\/1"}],"replies":[{"embeddable":true,"href":"https:\/\/www.forum-transfrontalier.org\/autres-frontieres\/wp-json\/wp\/v2\/comments?post=44"}],"version-history":[{"count":32,"href":"https:\/\/www.forum-transfrontalier.org\/autres-frontieres\/wp-json\/wp\/v2\/pages\/44\/revisions"}],"predecessor-version":[{"id":911,"href":"https:\/\/www.forum-transfrontalier.org\/autres-frontieres\/wp-json\/wp\/v2\/pages\/44\/revisions\/911"}],"wp:attachment":[{"href":"https:\/\/www.forum-transfrontalier.org\/autres-frontieres\/wp-json\/wp\/v2\/media?parent=44"}],"curies":[{"name":"wp","href":"https:\/\/api.w.org\/{rel}","templated":true}]}}