{"id":417,"date":"2020-06-08T16:54:00","date_gmt":"2020-06-08T14:54:00","guid":{"rendered":"https:\/\/www.forum-transfrontalier.org\/autres-frontieres\/?page_id=417"},"modified":"2020-06-17T09:01:30","modified_gmt":"2020-06-17T07:01:30","slug":"christelle-fillod","status":"publish","type":"page","link":"https:\/\/www.forum-transfrontalier.org\/autres-frontieres\/christelle-fillod\/","title":{"rendered":"Christelle Fillod"},"content":{"rendered":"\t\t<div data-elementor-type=\"wp-page\" data-elementor-id=\"417\" class=\"elementor elementor-417\" data-elementor-settings=\"[]\">\n\t\t\t\t\t\t<div class=\"elementor-inner\">\n\t\t\t\t\t\t\t<div class=\"elementor-section-wrap\">\n\t\t\t\t\t\t\t<section class=\"elementor-section elementor-top-section elementor-element elementor-element-b6f9936 elementor-reverse-mobile elementor-section-boxed elementor-section-height-default elementor-section-height-default\" data-id=\"b6f9936\" data-element_type=\"section\">\n\t\t\t\t\t\t<div class=\"elementor-container elementor-column-gap-wide\">\n\t\t\t\t\t\t\t<div class=\"elementor-row\">\n\t\t\t\t\t<div class=\"elementor-column elementor-col-50 elementor-top-column elementor-element elementor-element-affc69e\" data-id=\"affc69e\" data-element_type=\"column\">\n\t\t\t<div class=\"elementor-column-wrap elementor-element-populated\">\n\t\t\t\t\t\t\t<div class=\"elementor-widget-wrap\">\n\t\t\t\t\t\t<div class=\"elementor-element elementor-element-06caf4f elementor-widget elementor-widget-gallery\" data-id=\"06caf4f\" data-element_type=\"widget\" data-settings=\"{&quot;gallery_layout&quot;:&quot;masonry&quot;,&quot;columns&quot;:3,&quot;lazyload&quot;:&quot;yes&quot;,&quot;columns_tablet&quot;:2,&quot;columns_mobile&quot;:1,&quot;gap&quot;:{&quot;unit&quot;:&quot;px&quot;,&quot;size&quot;:10,&quot;sizes&quot;:[]},&quot;gap_tablet&quot;:{&quot;unit&quot;:&quot;px&quot;,&quot;size&quot;:10,&quot;sizes&quot;:[]},&quot;gap_mobile&quot;:{&quot;unit&quot;:&quot;px&quot;,&quot;size&quot;:10,&quot;sizes&quot;:[]},&quot;link_to&quot;:&quot;file&quot;,&quot;overlay_background&quot;:&quot;yes&quot;,&quot;content_hover_animation&quot;:&quot;fade-in&quot;}\" data-widget_type=\"gallery.default\">\n\t\t\t\t<div class=\"elementor-widget-container\">\n\t\t\t\t\t<div class=\"elementor-gallery__container\">\n\t\t\t\t\t\t\t<a class=\"e-gallery-item elementor-gallery-item elementor-animated-content\" href=\"https:\/\/www.forum-transfrontalier.org\/autres-frontieres\/wp-content\/uploads\/2020\/06\/LES_REVERS_1.jpg\" data-elementor-open-lightbox=\"yes\" data-elementor-lightbox-slideshow=\"all-06caf4f\">\n\t\t\t\t\t<div class=\"e-gallery-image elementor-gallery-item__image\" data-thumbnail=\"https:\/\/www.forum-transfrontalier.org\/autres-frontieres\/wp-content\/uploads\/2020\/06\/LES_REVERS_1-768x544.jpg\" data-width=\"768\" data-height=\"544\" alt=\"\" ><\/div>\n\t\t\t\t\t\t\t\t\t\t<div class=\"elementor-gallery-item__overlay\"><\/div>\n\t\t\t\t\t\t\t\t\t\t\t\t\t\t<\/a>\n\t\t\t\t\t\t\t<a class=\"e-gallery-item elementor-gallery-item elementor-animated-content\" href=\"https:\/\/www.forum-transfrontalier.org\/autres-frontieres\/wp-content\/uploads\/2020\/06\/LES_REVERS_2.jpg\" data-elementor-open-lightbox=\"yes\" data-elementor-lightbox-slideshow=\"all-06caf4f\">\n\t\t\t\t\t<div class=\"e-gallery-image elementor-gallery-item__image\" data-thumbnail=\"https:\/\/www.forum-transfrontalier.org\/autres-frontieres\/wp-content\/uploads\/2020\/06\/LES_REVERS_2-768x619.jpg\" data-width=\"768\" data-height=\"619\" alt=\"\" ><\/div>\n\t\t\t\t\t\t\t\t\t\t<div class=\"elementor-gallery-item__overlay\"><\/div>\n\t\t\t\t\t\t\t\t\t\t\t\t\t\t<\/a>\n\t\t\t\t\t\t\t<a class=\"e-gallery-item elementor-gallery-item elementor-animated-content\" href=\"https:\/\/www.forum-transfrontalier.org\/autres-frontieres\/wp-content\/uploads\/2020\/06\/LES_REVERS_3.jpg\" data-elementor-open-lightbox=\"yes\" data-elementor-lightbox-slideshow=\"all-06caf4f\">\n\t\t\t\t\t<div class=\"e-gallery-image elementor-gallery-item__image\" data-thumbnail=\"https:\/\/www.forum-transfrontalier.org\/autres-frontieres\/wp-content\/uploads\/2020\/06\/LES_REVERS_3-768x543.jpg\" data-width=\"768\" data-height=\"543\" alt=\"\" ><\/div>\n\t\t\t\t\t\t\t\t\t\t<div class=\"elementor-gallery-item__overlay\"><\/div>\n\t\t\t\t\t\t\t\t\t\t\t\t\t\t<\/a>\n\t\t\t\t\t\t\t<a class=\"e-gallery-item elementor-gallery-item elementor-animated-content\" href=\"https:\/\/www.forum-transfrontalier.org\/autres-frontieres\/wp-content\/uploads\/2020\/06\/LES_REVERS_4.jpg\" data-elementor-open-lightbox=\"yes\" data-elementor-lightbox-slideshow=\"all-06caf4f\">\n\t\t\t\t\t<div class=\"e-gallery-image elementor-gallery-item__image\" data-thumbnail=\"https:\/\/www.forum-transfrontalier.org\/autres-frontieres\/wp-content\/uploads\/2020\/06\/LES_REVERS_4-768x554.jpg\" data-width=\"768\" data-height=\"554\" alt=\"\" ><\/div>\n\t\t\t\t\t\t\t\t\t\t<div class=\"elementor-gallery-item__overlay\"><\/div>\n\t\t\t\t\t\t\t\t\t\t\t\t\t\t<\/a>\n\t\t\t\t\t\t\t<a class=\"e-gallery-item elementor-gallery-item elementor-animated-content\" href=\"https:\/\/www.forum-transfrontalier.org\/autres-frontieres\/wp-content\/uploads\/2020\/06\/LES_REVERS_5.jpg\" data-elementor-open-lightbox=\"yes\" data-elementor-lightbox-slideshow=\"all-06caf4f\">\n\t\t\t\t\t<div class=\"e-gallery-image elementor-gallery-item__image\" data-thumbnail=\"https:\/\/www.forum-transfrontalier.org\/autres-frontieres\/wp-content\/uploads\/2020\/06\/LES_REVERS_5-768x603.jpg\" data-width=\"768\" data-height=\"603\" alt=\"\" ><\/div>\n\t\t\t\t\t\t\t\t\t\t<div class=\"elementor-gallery-item__overlay\"><\/div>\n\t\t\t\t\t\t\t\t\t\t\t\t\t\t<\/a>\n\t\t\t\t\t\t\t<a class=\"e-gallery-item elementor-gallery-item elementor-animated-content\" href=\"https:\/\/www.forum-transfrontalier.org\/autres-frontieres\/wp-content\/uploads\/2020\/06\/LES_REVERS_8.jpg\" data-elementor-open-lightbox=\"yes\" data-elementor-lightbox-slideshow=\"all-06caf4f\">\n\t\t\t\t\t<div class=\"e-gallery-image elementor-gallery-item__image\" data-thumbnail=\"https:\/\/www.forum-transfrontalier.org\/autres-frontieres\/wp-content\/uploads\/2020\/06\/LES_REVERS_8-768x269.jpg\" data-width=\"768\" data-height=\"269\" alt=\"\" ><\/div>\n\t\t\t\t\t\t\t\t\t\t<div class=\"elementor-gallery-item__overlay\"><\/div>\n\t\t\t\t\t\t\t\t\t\t\t\t\t\t<\/a>\n\t\t\t\t\t\t\t<a class=\"e-gallery-item elementor-gallery-item elementor-animated-content\" href=\"https:\/\/www.forum-transfrontalier.org\/autres-frontieres\/wp-content\/uploads\/2020\/06\/LES_REVERS_11a.jpg\" data-elementor-open-lightbox=\"yes\" data-elementor-lightbox-slideshow=\"all-06caf4f\">\n\t\t\t\t\t<div class=\"e-gallery-image elementor-gallery-item__image\" data-thumbnail=\"https:\/\/www.forum-transfrontalier.org\/autres-frontieres\/wp-content\/uploads\/2020\/06\/LES_REVERS_11a.jpg\" data-width=\"745\" data-height=\"745\" alt=\"\" ><\/div>\n\t\t\t\t\t\t\t\t\t\t<div class=\"elementor-gallery-item__overlay\"><\/div>\n\t\t\t\t\t\t\t\t\t\t\t\t\t\t<\/a>\n\t\t\t\t\t\t\t<a class=\"e-gallery-item elementor-gallery-item elementor-animated-content\" href=\"https:\/\/www.forum-transfrontalier.org\/autres-frontieres\/wp-content\/uploads\/2020\/06\/MONTAGNE_NOIRE_1.jpg\" data-elementor-open-lightbox=\"yes\" data-elementor-lightbox-slideshow=\"all-06caf4f\">\n\t\t\t\t\t<div class=\"e-gallery-image elementor-gallery-item__image\" data-thumbnail=\"https:\/\/www.forum-transfrontalier.org\/autres-frontieres\/wp-content\/uploads\/2020\/06\/MONTAGNE_NOIRE_1-768x553.jpg\" data-width=\"768\" data-height=\"553\" alt=\"\" ><\/div>\n\t\t\t\t\t\t\t\t\t\t<div class=\"elementor-gallery-item__overlay\"><\/div>\n\t\t\t\t\t\t\t\t\t\t\t\t\t\t<\/a>\n\t\t\t\t\t\t\t<a class=\"e-gallery-item elementor-gallery-item elementor-animated-content\" href=\"https:\/\/www.forum-transfrontalier.org\/autres-frontieres\/wp-content\/uploads\/2020\/06\/MONTAGNE_NOIRE_2.jpg\" data-elementor-open-lightbox=\"yes\" data-elementor-lightbox-slideshow=\"all-06caf4f\">\n\t\t\t\t\t<div class=\"e-gallery-image elementor-gallery-item__image\" data-thumbnail=\"https:\/\/www.forum-transfrontalier.org\/autres-frontieres\/wp-content\/uploads\/2020\/06\/MONTAGNE_NOIRE_2-768x683.jpg\" data-width=\"768\" data-height=\"683\" alt=\"\" ><\/div>\n\t\t\t\t\t\t\t\t\t\t<div class=\"elementor-gallery-item__overlay\"><\/div>\n\t\t\t\t\t\t\t\t\t\t\t\t\t\t<\/a>\n\t\t\t\t\t\t\t<a class=\"e-gallery-item elementor-gallery-item elementor-animated-content\" href=\"https:\/\/www.forum-transfrontalier.org\/autres-frontieres\/wp-content\/uploads\/2020\/06\/MONTAGNE_NOIRE_3.jpg\" data-elementor-open-lightbox=\"yes\" data-elementor-lightbox-slideshow=\"all-06caf4f\">\n\t\t\t\t\t<div class=\"e-gallery-image elementor-gallery-item__image\" data-thumbnail=\"https:\/\/www.forum-transfrontalier.org\/autres-frontieres\/wp-content\/uploads\/2020\/06\/MONTAGNE_NOIRE_3-768x550.jpg\" data-width=\"768\" data-height=\"550\" alt=\"\" ><\/div>\n\t\t\t\t\t\t\t\t\t\t<div class=\"elementor-gallery-item__overlay\"><\/div>\n\t\t\t\t\t\t\t\t\t\t\t\t\t\t<\/a>\n\t\t\t\t\t\t\t<a class=\"e-gallery-item elementor-gallery-item elementor-animated-content\" href=\"https:\/\/www.forum-transfrontalier.org\/autres-frontieres\/wp-content\/uploads\/2020\/06\/MONTAGNE_NOIRE_4.jpg\" data-elementor-open-lightbox=\"yes\" data-elementor-lightbox-slideshow=\"all-06caf4f\">\n\t\t\t\t\t<div class=\"e-gallery-image elementor-gallery-item__image\" data-thumbnail=\"https:\/\/www.forum-transfrontalier.org\/autres-frontieres\/wp-content\/uploads\/2020\/06\/MONTAGNE_NOIRE_4-768x551.jpg\" data-width=\"768\" data-height=\"551\" alt=\"\" ><\/div>\n\t\t\t\t\t\t\t\t\t\t<div class=\"elementor-gallery-item__overlay\"><\/div>\n\t\t\t\t\t\t\t\t\t\t\t\t\t\t<\/a>\n\t\t\t\t\t\t\t<a class=\"e-gallery-item elementor-gallery-item elementor-animated-content\" href=\"https:\/\/www.forum-transfrontalier.org\/autres-frontieres\/wp-content\/uploads\/2020\/06\/MONTAGNE_NOIRE_5.jpg\" data-elementor-open-lightbox=\"yes\" data-elementor-lightbox-slideshow=\"all-06caf4f\">\n\t\t\t\t\t<div class=\"e-gallery-image elementor-gallery-item__image\" data-thumbnail=\"https:\/\/www.forum-transfrontalier.org\/autres-frontieres\/wp-content\/uploads\/2020\/06\/MONTAGNE_NOIRE_5-768x549.jpg\" data-width=\"768\" data-height=\"549\" alt=\"\" ><\/div>\n\t\t\t\t\t\t\t\t\t\t<div class=\"elementor-gallery-item__overlay\"><\/div>\n\t\t\t\t\t\t\t\t\t\t\t\t\t\t<\/a>\n\t\t\t\t\t<\/div>\n\t\t\t<\/div>\n\t\t\t\t<\/div>\n\t\t\t\t\t\t<\/div>\n\t\t\t\t\t<\/div>\n\t\t<\/div>\n\t\t\t\t<div class=\"elementor-column elementor-col-50 elementor-top-column elementor-element elementor-element-678dfd8\" data-id=\"678dfd8\" data-element_type=\"column\">\n\t\t\t<div class=\"elementor-column-wrap elementor-element-populated\">\n\t\t\t\t\t\t\t<div class=\"elementor-widget-wrap\">\n\t\t\t\t\t\t<div class=\"elementor-element elementor-element-05ed8e0 elementor-widget elementor-widget-text-editor\" data-id=\"05ed8e0\" data-element_type=\"widget\" data-widget_type=\"text-editor.default\">\n\t\t\t\t<div class=\"elementor-widget-container\">\n\t\t\t\t\t\t\t\t<div class=\"elementor-text-editor elementor-clearfix\">\n\t\t\t\t\t<p><strong>\u2013<br \/><\/strong><strong>Christelle Fillod\u00a0<\/strong>(*1974 \u00e0 Bourg en Bresse, France)<\/p><p>Vit et travaille dans le Jura fran\u00e7ais \u00e0 Broissia.<\/p><p><a href=\"https:\/\/www.facebook.com\/christelle.fillod\">facebook.com\/christelle.fillod<\/a><br \/><a href=\"https:\/\/www.facebook.com\/caravaneobscura\/\">facebook.com\/caravaneobscura<\/a><br \/><a href=\"https:\/\/www.instagram.com\/christellefillod\/\">instagram.com\/christellefillod<\/a><\/p><p><strong>_<br \/>Janice Wimmer <\/strong>(*1973 n\u00e9e \u00e0 Belfort), vit et travaille \u00e0 Bonnefontaine (JURA-F)<\/p><p><a href=\"https:\/\/www.facebook.com\/janice.wi.33\" target=\"_blank\" rel=\"noopener\">facebook.com\/janice.wi.33<\/a><br \/><a href=\"https:\/\/www.instagram.com\/janice.wi.33\/\">instagram.com\/janice.wi.33<\/a><br \/><a href=\"https:\/\/www.instagram.com\/caravaneobscura1\" target=\"_blank\" rel=\"noopener\">instagram.com\/caravaneobscura1<\/a><\/p><p><strong>\u2013<br \/><\/strong><strong>Caravane Obscura<\/strong><\/p><p>Les deux artistes vivent dans le Jura fran\u00e7ais, en milieu rural. Travaillant en bin\u00f4me, elles parcourent le territoire avec un dispositif de prise de vues sommaire: le st\u00e9nop\u00e9, un appareil photographique d\u00e9riv\u00e9 de la chambre noire, d\u2019o\u00f9 l\u2019<em>OBSCURA.<\/em><\/p><p>On les suit volontiers dans leur <em>CARAVANE<\/em> \u2013 un d\u00e9sir d\u2019ailleurs \u2013 pour observer et explorer ces paysages jurassiens enneig\u00e9s comme une d\u00e9couverte sans cesse renouvel\u00e9e. Ceux-ci sont transfigur\u00e9s et nous donnent l\u2019impression jouissive d\u2019\u00eatre dot\u00e9 des facult\u00e9s d\u2019un animal nyctalope ou de parcourir nos r\u00eaves ineffables\u2026<\/p><p style=\"text-align: right;\"><em>Marcel Schiess<\/em><\/p>\t\t\t\t\t<\/div>\n\t\t\t\t\t\t<\/div>\n\t\t\t\t<\/div>\n\t\t\t\t<div class=\"elementor-element elementor-element-302bfa1 elementor-widget elementor-widget-button\" data-id=\"302bfa1\" data-element_type=\"widget\" data-widget_type=\"button.default\">\n\t\t\t\t<div class=\"elementor-widget-container\">\n\t\t\t\t\t<div class=\"elementor-button-wrapper\">\n\t\t\t<a href=\"#elementor-action%3Aaction%3Dpopup%3Aopen%26settings%3DeyJpZCI6IjQzNiIsInRvZ2dsZSI6ZmFsc2V9\" class=\"elementor-button-link elementor-button elementor-size-sm elementor-animation-skew-forward\" role=\"button\">\n\t\t\t\t\t\t<span class=\"elementor-button-content-wrapper\">\n\t\t\t\t\t\t<span class=\"elementor-button-text\">\u2192 Pr\u00e9sentation par les artistes<\/span>\n\t\t<\/span>\n\t\t\t\t\t<\/a>\n\t\t<\/div>\n\t\t\t\t<\/div>\n\t\t\t\t<\/div>\n\t\t\t\t<div class=\"elementor-element elementor-element-8a30905 elementor-widget elementor-widget-button\" data-id=\"8a30905\" data-element_type=\"widget\" data-widget_type=\"button.default\">\n\t\t\t\t<div class=\"elementor-widget-container\">\n\t\t\t\t\t<div class=\"elementor-button-wrapper\">\n\t\t\t<a href=\"#elementor-action%3Aaction%3Dpopup%3Aopen%26settings%3DeyJpZCI6IjQ0MCIsInRvZ2dsZSI6ZmFsc2V9\" target=\"_blank\" class=\"elementor-button-link elementor-button elementor-size-sm elementor-animation-skew-forward\" role=\"button\">\n\t\t\t\t\t\t<span class=\"elementor-button-content-wrapper\">\n\t\t\t\t\t\t<span class=\"elementor-button-text\">\u2192 CV Christelle Fillod<\/span>\n\t\t<\/span>\n\t\t\t\t\t<\/a>\n\t\t<\/div>\n\t\t\t\t<\/div>\n\t\t\t\t<\/div>\n\t\t\t\t<div class=\"elementor-element elementor-element-a1206e6 elementor-widget elementor-widget-button\" data-id=\"a1206e6\" data-element_type=\"widget\" data-widget_type=\"button.default\">\n\t\t\t\t<div class=\"elementor-widget-container\">\n\t\t\t\t\t<div class=\"elementor-button-wrapper\">\n\t\t\t<a href=\"#elementor-action%3Aaction%3Dpopup%3Aopen%26settings%3DeyJpZCI6IjYxNSIsInRvZ2dsZSI6ZmFsc2V9\" target=\"_blank\" class=\"elementor-button-link elementor-button elementor-size-sm elementor-animation-skew-forward\" role=\"button\">\n\t\t\t\t\t\t<span class=\"elementor-button-content-wrapper\">\n\t\t\t\t\t\t<span class=\"elementor-button-text\">\u2192 CV Janice Wimmer<\/span>\n\t\t<\/span>\n\t\t\t\t\t<\/a>\n\t\t<\/div>\n\t\t\t\t<\/div>\n\t\t\t\t<\/div>\n\t\t\t\t<div class=\"elementor-element elementor-element-0486f70 elementor-widget elementor-widget-spacer\" data-id=\"0486f70\" data-element_type=\"widget\" data-widget_type=\"spacer.default\">\n\t\t\t\t<div class=\"elementor-widget-container\">\n\t\t\t\t\t<div class=\"elementor-spacer\">\n\t\t\t<div class=\"elementor-spacer-inner\"><\/div>\n\t\t<\/div>\n\t\t\t\t<\/div>\n\t\t\t\t<\/div>\n\t\t\t\t\t\t<\/div>\n\t\t\t\t\t<\/div>\n\t\t<\/div>\n\t\t\t\t\t\t\t\t<\/div>\n\t\t\t\t\t<\/div>\n\t\t<\/section>\n\t\t\t\t\t\t<\/div>\n\t\t\t\t\t\t<\/div>\n\t\t\t\t\t<\/div>\n\t\t","protected":false},"excerpt":{"rendered":"<p>\u2013Christelle Fillod\u00a0(*1974 \u00e0 Bourg en Bresse, France) Vit et travaille dans le Jura fran\u00e7ais \u00e0 Broissia. facebook.com\/christelle.fillodfacebook.com\/caravaneobscurainstagram.com\/christellefillod _Janice Wimmer (*1973 n\u00e9e \u00e0 Belfort), vit et travaille \u00e0 Bonnefontaine (JURA-F) facebook.com\/janice.wi.33instagram.com\/janice.wi.33instagram.com\/caravaneobscura1 \u2013Caravane Obscura Les deux artistes vivent dans le Jura fran\u00e7ais, en milieu rural. Travaillant en bin\u00f4me, elles parcourent le territoire avec un dispositif de prise [&hellip;]<\/p>\n","protected":false},"author":1,"featured_media":0,"parent":0,"menu_order":0,"comment_status":"closed","ping_status":"closed","template":"","meta":[],"_links":{"self":[{"href":"https:\/\/www.forum-transfrontalier.org\/autres-frontieres\/wp-json\/wp\/v2\/pages\/417"}],"collection":[{"href":"https:\/\/www.forum-transfrontalier.org\/autres-frontieres\/wp-json\/wp\/v2\/pages"}],"about":[{"href":"https:\/\/www.forum-transfrontalier.org\/autres-frontieres\/wp-json\/wp\/v2\/types\/page"}],"author":[{"embeddable":true,"href":"https:\/\/www.forum-transfrontalier.org\/autres-frontieres\/wp-json\/wp\/v2\/users\/1"}],"replies":[{"embeddable":true,"href":"https:\/\/www.forum-transfrontalier.org\/autres-frontieres\/wp-json\/wp\/v2\/comments?post=417"}],"version-history":[{"count":9,"href":"https:\/\/www.forum-transfrontalier.org\/autres-frontieres\/wp-json\/wp\/v2\/pages\/417\/revisions"}],"predecessor-version":[{"id":637,"href":"https:\/\/www.forum-transfrontalier.org\/autres-frontieres\/wp-json\/wp\/v2\/pages\/417\/revisions\/637"}],"wp:attachment":[{"href":"https:\/\/www.forum-transfrontalier.org\/autres-frontieres\/wp-json\/wp\/v2\/media?parent=417"}],"curies":[{"name":"wp","href":"https:\/\/api.w.org\/{rel}","templated":true}]}}